{"id":1712,"date":"2021-11-21T15:14:44","date_gmt":"2021-11-21T15:14:44","guid":{"rendered":"https:\/\/meetingroom.wien\/contact-3\/"},"modified":"2026-02-18T08:51:16","modified_gmt":"2026-02-18T08:51:16","slug":"kontakt","status":"publish","type":"page","link":"https:\/\/meetingroom.wien\/en\/kontakt\/","title":{"rendered":"Preise und Kontakt"},"content":{"rendered":"<div data-elementor-type=\"wp-page\" data-elementor-id=\"1712\" class=\"elementor elementor-1712\">\n\t\t\t\t\t\t<section class=\"elementor-section elementor-top-section elementor-element elementor-element-81e2c1b elementor-section-height-min-height elementor-section-boxed elementor-section-height-default elementor-section-items-middle\" data-id=\"81e2c1b\" data-element_type=\"section\" data-settings=\"{&quot;background_background&quot;:&quot;classic&quot;}\">\n\t\t\t\t\t\t<div class=\"elementor-container elementor-column-gap-default\">\n\t\t\t\t\t<div class=\"elementor-column elementor-col-100 elementor-top-column elementor-element elementor-element-51920c1\" data-id=\"51920c1\" data-element_type=\"column\">\n\t\t\t<div class=\"elementor-widget-wrap elementor-element-populated\">\n\t\t\t\t\t\t<div class=\"elementor-element elementor-element-ebcecc7 elementor-widget elementor-widget-heading\" data-id=\"ebcecc7\" data-element_type=\"widget\" data-widget_type=\"heading.default\">\n\t\t\t\t<div class=\"elementor-widget-container\">\n\t\t\t\t\t<h1 class=\"elementor-heading-title elementor-size-default\">Contact us<\/h1>\t\t\t\t<\/div>\n\t\t\t\t<\/div>\n\t\t\t\t\t<\/div>\n\t\t<\/div>\n\t\t\t\t\t<\/div>\n\t\t<\/section>\n\t\t\t\t<section class=\"elementor-section elementor-top-section elementor-element elementor-element-c4da07a elementor-section-boxed elementor-section-height-default elementor-section-height-default\" data-id=\"c4da07a\" data-element_type=\"section\">\n\t\t\t\t\t\t<div class=\"elementor-container elementor-column-gap-default\">\n\t\t\t\t\t<div class=\"elementor-column elementor-col-100 elementor-top-column elementor-element elementor-element-2e9938b\" data-id=\"2e9938b\" data-element_type=\"column\">\n\t\t\t<div class=\"elementor-widget-wrap elementor-element-populated\">\n\t\t\t\t\t\t<div class=\"elementor-element elementor-element-20e45a4 elementor-widget elementor-widget-heading\" data-id=\"20e45a4\" data-element_type=\"widget\" data-widget_type=\"heading.default\">\n\t\t\t\t<div class=\"elementor-widget-container\">\n\t\t\t\t\t<h2 class=\"elementor-heading-title elementor-size-default\">Our Prices<\/h2>\t\t\t\t<\/div>\n\t\t\t\t<\/div>\n\t\t\t\t<div class=\"elementor-element elementor-element-492d161 elementor-widget elementor-widget-text-editor\" data-id=\"492d161\" data-element_type=\"widget\" data-widget_type=\"text-editor.default\">\n\t\t\t\t<div class=\"elementor-widget-container\">\n\t\t\t\t\t\t\t\t\t<p>We are letting the Orange room and the Blue Gallery for<\/p><div><strong>Hourly rate \u20ac 80,- (minimum 4 hrs)<\/strong><br \/><strong>Daily rate \u20ac 640,- (up to 10 hrs)<\/strong><\/div><div>\u00a0<\/div><div>including<strong><br \/><\/strong><\/div><ul><li>Tables (see details on the respective pages) <a href=\"https:\/\/meetingroom.wien\/en\/die-orangen-zimmer\/\">Orange Zimmer<\/a> und <a href=\"https:\/\/meetingroom.wien\/en\/die-blaue-galerie\/\">Blaue Galerie<\/a>)<\/li><li>Chairs (see details on the respective pages) <a href=\"https:\/\/meetingroom.wien\/en\/die-orangen-zimmer\/\">Orange Zimmer<\/a> und <a href=\"https:\/\/meetingroom.wien\/en\/die-blaue-galerie\/\">Blaue Galerie<\/a>)<\/li><li>Beamer &amp; screen<\/li><li>Flipchart &amp; Whiteboard<\/li><li>Microphone &amp; Loudspeaker (PA)<\/li><\/ul>\t\t\t\t\t\t\t\t<\/div>\n\t\t\t\t<\/div>\n\t\t\t\t<div class=\"elementor-element elementor-element-abeffaf elementor-widget elementor-widget-text-editor\" data-id=\"abeffaf\" data-element_type=\"widget\" data-widget_type=\"text-editor.default\">\n\t\t\t\t<div class=\"elementor-widget-container\">\n\t\t\t\t\t\t\t\t\t<p>We are letting the Parrot Room for<\/p><div><strong>Hourly rate \u20ac 70,- (minimum 4 hrs)<\/strong><br \/><strong>Half a day \u20ac 280,- (up to 5 hours)<\/strong><br \/><strong>Daily rate \u20ac 560,- (up to 10 hrs)<\/strong><strong><br \/><\/strong><\/div><div>\u00a0<\/div><div>including<strong><br \/><\/strong><\/div><ul><li>tables and chairs<\/li><li>settee and armchairs<\/li><li>Beamer &amp; screen<\/li><li>Flipchart &amp; Whiteboard<\/li><\/ul>\t\t\t\t\t\t\t\t<\/div>\n\t\t\t\t<\/div>\n\t\t\t\t<div class=\"elementor-element elementor-element-336cced elementor-widget elementor-widget-text-editor\" data-id=\"336cced\" data-element_type=\"widget\" data-widget_type=\"text-editor.default\">\n\t\t\t\t<div class=\"elementor-widget-container\">\n\t\t\t\t\t\t\t\t\t<div><strong>Additionally, you may rent the following items (please enquire about availability and prices)<\/strong><\/div><ul><li>Crockery, cutlery and glasses<\/li><li>Tables cloths<\/li><li>Sofas<\/li><li>Additional tables<\/li><li>Additional chairs<\/li><li>Bartables<\/li><li>andere M\u00f6bel<\/li><li>Atmospheric lighting<\/li><li>Sound system<\/li><\/ul>\t\t\t\t\t\t\t\t<\/div>\n\t\t\t\t<\/div>\n\t\t\t\t<div class=\"elementor-element elementor-element-fc6838e elementor-widget elementor-widget-text-editor\" data-id=\"fc6838e\" data-element_type=\"widget\" data-widget_type=\"text-editor.default\">\n\t\t\t\t<div class=\"elementor-widget-container\">\n\t\t\t\t\t\t\t\t\t<div>, <strong>We offer the following catering packages<\/strong><\/div><ul><li>Hot drinks, e.g. Hausbrandt espresso @ \u20ac 9,- per day and person<\/li><li>soft drinks, e.g. orange juice and mineral water @ \u20ac 9,- per day and person<\/li><li>combination of coffee and soft drinks @ \u20ac 12,- per day and person<\/li><li>Snacks from \u20ac 5,- pp\/pd (pastries, fruit, nibbles a.s.o.)<\/li><li>finger food e.g. sandwiches from \u20ac 12,- per day and person<\/li><li>lunch from \u20ac 18,- per day and person<\/li><li>different rates apply for half day rent, please enquire!<\/li><\/ul>\t\t\t\t\t\t\t\t<\/div>\n\t\t\t\t<\/div>\n\t\t\t\t\t<\/div>\n\t\t<\/div>\n\t\t\t\t\t<\/div>\n\t\t<\/section>\n\t\t\t\t<section class=\"elementor-section elementor-top-section elementor-element elementor-element-d181040 elementor-section-boxed elementor-section-height-default elementor-section-height-default\" data-id=\"d181040\" data-element_type=\"section\" data-settings=\"{&quot;background_background&quot;:&quot;classic&quot;}\">\n\t\t\t\t\t\t<div class=\"elementor-container elementor-column-gap-default\">\n\t\t\t\t\t<div class=\"elementor-column elementor-col-50 elementor-top-column elementor-element elementor-element-902ab61 elementor-hidden-desktop elementor-hidden-tablet elementor-hidden-mobile\" data-id=\"902ab61\" data-element_type=\"column\">\n\t\t\t<div class=\"elementor-widget-wrap elementor-element-populated\">\n\t\t\t\t\t\t<div class=\"elementor-element elementor-element-d318e48 elementor-widget elementor-widget-heading\" data-id=\"d318e48\" data-element_type=\"widget\" data-widget_type=\"heading.default\">\n\t\t\t\t<div class=\"elementor-widget-container\">\n\t\t\t\t\t<h2 class=\"elementor-heading-title elementor-size-default\">Contact via form<\/h2>\t\t\t\t<\/div>\n\t\t\t\t<\/div>\n\t\t\t\t<div class=\"elementor-element elementor-element-3f5fb89 elementor-widget elementor-widget-wpforms\" data-id=\"3f5fb89\" data-element_type=\"widget\" data-widget_type=\"wpforms.default\">\n\t\t\t\t<div class=\"elementor-widget-container\">\n\t\t\t\t\t<div class=\"wpforms-container\" id=\"wpforms-264\"><form id=\"wpforms-form-264\" class=\"wpforms-validate wpforms-form wpforms-ajax-form\" data-formid=\"264\" method=\"post\" enctype=\"multipart\/form-data\" action=\"\/en\/wp-json\/wp\/v2\/pages\/1712\" data-token=\"9e9cbde325cae332210999ed04947b48\" data-trp-original-action=\"\/en\/wp-json\/wp\/v2\/pages\/1712\"><noscript class=\"wpforms-error-noscript\">Please enable JavaScript in your browser to complete this form.<\/noscript><div class=\"wpforms-field-container\"><div id=\"wpforms-264-field_1-container\" class=\"wpforms-field wpforms-field-text\" data-field-id=\"1\"><label class=\"wpforms-field-label wpforms-label-hide\" for=\"wpforms-264-field_1\">name <span class=\"wpforms-required-label\">*<\/span><\/label><input type=\"text\" id=\"wpforms-264-field_1\" class=\"wpforms-field-large wpforms-field-required\" name=\"wpforms[fields][1]\" placeholder=\"name\" required><\/div><div id=\"wpforms-264-field_2-container\" class=\"wpforms-field wpforms-field-number\" data-field-id=\"2\"><label class=\"wpforms-field-label wpforms-label-hide\" for=\"wpforms-264-field_2\">telephone number<\/label><input type=\"number\" pattern=\"\\d*\" id=\"wpforms-264-field_2\" class=\"wpforms-field-large\" name=\"wpforms[fields][2]\" placeholder=\"telephone number\" ><\/div><div id=\"wpforms-264-field_3-container\" class=\"wpforms-field wpforms-field-email\" data-field-id=\"3\"><label class=\"wpforms-field-label wpforms-label-hide\" for=\"wpforms-264-field_3\">email <span class=\"wpforms-required-label\">*<\/span><\/label><input type=\"email\" id=\"wpforms-264-field_3\" class=\"wpforms-field-large wpforms-field-required\" name=\"wpforms[fields][3]\" placeholder=\"email\" spellcheck=\"false\" required><\/div><div id=\"wpforms-264-field_4-container\" class=\"wpforms-field wpforms-field-textarea\" data-field-id=\"4\"><label class=\"wpforms-field-label wpforms-label-hide\" for=\"wpforms-264-field_4\">message<\/label><textarea id=\"wpforms-264-field_4\" class=\"wpforms-field-medium\" name=\"wpforms[fields][4]\" placeholder=\"message\" ><\/textarea><\/div><\/div><!-- .wpforms-field-container --><div class=\"wpforms-submit-container\" ><input type=\"hidden\" name=\"wpforms[id]\" value=\"264\"><input type=\"hidden\" name=\"wpforms[author]\" value=\"2\"><button type=\"submit\" name=\"wpforms[submit]\" id=\"wpforms-submit-264\" class=\"wpforms-submit\" data-alt-text=\"Senden...\" data-submit-text=\"Senden\" aria-live=\"assertive\" value=\"wpforms-submit\">send<\/button><img decoding=\"async\" src=\"https:\/\/meetingroom.wien\/wp-content\/plugins\/wpforms-lite\/assets\/images\/submit-spin.svg\" class=\"wpforms-submit-spinner\" style=\"display: none;\" width=\"26\" height=\"26\" alt=\"Loading\"><\/div><input type=\"hidden\" name=\"trp-form-language\" value=\"en\"\/><\/form><\/div>  <!-- .wpforms-container -->\t\t\t\t<\/div>\n\t\t\t\t<\/div>\n\t\t\t\t\t<\/div>\n\t\t<\/div>\n\t\t\t\t<div class=\"elementor-column elementor-col-50 elementor-top-column elementor-element elementor-element-dc7d3fe\" data-id=\"dc7d3fe\" data-element_type=\"column\">\n\t\t\t<div class=\"elementor-widget-wrap elementor-element-populated\">\n\t\t\t\t\t\t<div class=\"elementor-element elementor-element-447bdd5 elementor-widget elementor-widget-heading\" data-id=\"447bdd5\" data-element_type=\"widget\" data-widget_type=\"heading.default\">\n\t\t\t\t<div class=\"elementor-widget-container\">\n\t\t\t\t\t<h2 class=\"elementor-heading-title elementor-size-default\">Contact<\/h2>\t\t\t\t<\/div>\n\t\t\t\t<\/div>\n\t\t\t\t<div class=\"elementor-element elementor-element-2d01cef elementor-view-default elementor-widget elementor-widget-icon\" data-id=\"2d01cef\" data-element_type=\"widget\" data-widget_type=\"icon.default\">\n\t\t\t\t<div class=\"elementor-widget-container\">\n\t\t\t\t\t\t\t<div class=\"elementor-icon-wrapper\">\n\t\t\t<div class=\"elementor-icon\">\n\t\t\t<i aria-hidden=\"true\" class=\"far fa-envelope\"><\/i>\t\t\t<\/div>\n\t\t<\/div>\n\t\t\t\t\t\t<\/div>\n\t\t\t\t<\/div>\n\t\t\t\t<div class=\"elementor-element elementor-element-5be1d08 elementor-widget elementor-widget-text-editor\" data-id=\"5be1d08\" data-element_type=\"widget\" data-widget_type=\"text-editor.default\">\n\t\t\t\t<div class=\"elementor-widget-container\">\n\t\t\t\t\t\t\t\t\t<p><a href=\"mailto:rent@meetingroom.wien\">rent@meetingroom.wien<\/a><\/p>\t\t\t\t\t\t\t\t<\/div>\n\t\t\t\t<\/div>\n\t\t\t\t<div class=\"elementor-element elementor-element-d5310b1 elementor-view-default elementor-widget elementor-widget-icon\" data-id=\"d5310b1\" data-element_type=\"widget\" data-widget_type=\"icon.default\">\n\t\t\t\t<div class=\"elementor-widget-container\">\n\t\t\t\t\t\t\t<div class=\"elementor-icon-wrapper\">\n\t\t\t<div class=\"elementor-icon\">\n\t\t\t<i aria-hidden=\"true\" class=\"fas fa-mobile-alt\"><\/i>\t\t\t<\/div>\n\t\t<\/div>\n\t\t\t\t\t\t<\/div>\n\t\t\t\t<\/div>\n\t\t\t\t<div class=\"elementor-element elementor-element-f3ab220 elementor-widget elementor-widget-text-editor\" data-id=\"f3ab220\" data-element_type=\"widget\" data-widget_type=\"text-editor.default\">\n\t\t\t\t<div class=\"elementor-widget-container\">\n\t\t\t\t\t\t\t\t\t<p><a href=\"tel:+4312992299\u200b\">+4312992299<\/a><\/p>\t\t\t\t\t\t\t\t<\/div>\n\t\t\t\t<\/div>\n\t\t\t\t<div class=\"elementor-element elementor-element-db9bfe9 elementor-view-default elementor-widget elementor-widget-icon\" data-id=\"db9bfe9\" data-element_type=\"widget\" data-widget_type=\"icon.default\">\n\t\t\t\t<div class=\"elementor-widget-container\">\n\t\t\t\t\t\t\t<div class=\"elementor-icon-wrapper\">\n\t\t\t<div class=\"elementor-icon\">\n\t\t\t<i aria-hidden=\"true\" class=\"fas fa-house-user\"><\/i>\t\t\t<\/div>\n\t\t<\/div>\n\t\t\t\t\t\t<\/div>\n\t\t\t\t<\/div>\n\t\t\t\t<div class=\"elementor-element elementor-element-a7a61cf elementor-widget elementor-widget-text-editor\" data-id=\"a7a61cf\" data-element_type=\"widget\" data-widget_type=\"text-editor.default\">\n\t\t\t\t<div class=\"elementor-widget-container\">\n\t\t\t\t\t\t\t\t\t<p><a href=\"https:\/\/www.wien.gv.at\/stadtplan\/grafik.aspx?lang=de-AT&amp;bookmark=3S5uRnFpFkaAEkJEziMPRO5Rphlnqnnkur2pH4Oprw-b-b&amp;bmadr=10064660\" target=\"_blank\" rel=\"noopener\">Prinz Eugen-Stra\u00dfe 2\/5, 1040 Vienna<\/a><\/p>\t\t\t\t\t\t\t\t<\/div>\n\t\t\t\t<\/div>\n\t\t\t\t\t<\/div>\n\t\t<\/div>\n\t\t\t\t\t<\/div>\n\t\t<\/section>\n\t\t\t\t<\/div>","protected":false},"excerpt":{"rendered":"<p>Kontaktieren sie uns Unsere Preise Den Orange Room und die Blaue Galerie vermieten wir (exkl 20% Ust) um Stundenpreis \u20ac 80,- \/angefangener Stunde (Mindestdauer 4 Stunden)Tagespreis \u20ac 640,- (bis zu 10 Stunden)\u00a0inklusive Tische (Details siehe jeweils unter Orange Zimmer und Blaue Galerie) Sessel (Details siehe jeweils unter Orange Zimmer und Blaue Galerie) Beamer &amp; Leinwand &hellip;<\/p>\n<p class=\"read-more\"> <a class=\"\" href=\"https:\/\/meetingroom.wien\/en\/kontakt\/\"> <span class=\"screen-reader-text\">Preise und Kontakt<\/span> Read More &raquo;<\/a><\/p>","protected":false},"author":2,"featured_media":0,"parent":0,"menu_order":0,"comment_status":"closed","ping_status":"closed","template":"","meta":{"site-sidebar-layout":"no-sidebar","site-content-layout":"page-builder","ast-global-header-display":"","ast-main-header-display":"","ast-hfb-above-header-display":"","ast-hfb-below-header-display":"","ast-hfb-mobile-header-display":"","site-post-title":"disabled","ast-breadcrumbs-content":"","ast-featured-img":"disabled","footer-sml-layout":"","theme-transparent-header-meta":"enabled","adv-header-id-meta":"","stick-header-meta":"","header-above-stick-meta":"","header-main-stick-meta":"","header-below-stick-meta":"","footnotes":""},"class_list":["post-1712","page","type-page","status-publish","hentry"],"yoast_head":"<!-- This site is optimized with the Yoast SEO plugin v20.10 - https:\/\/yoast.com\/wordpress\/plugins\/seo\/ -->\n<title>Preise und Kontakt - visit our outstanding locations with friendly hospitality<\/title>\n<meta name=\"description\" content=\"Alles was Sie f\u00fcr Ihr Meeting brauchen: Full service in tollen R\u00e4umen mit Ausblick, originale Kunst an den W\u00e4nden, vern\u00fcnftige Preise! 1030 und 1040 Wien\" \/>\n<meta name=\"robots\" content=\"index, follow, max-snippet:-1, max-image-preview:large, max-video-preview:-1\" \/>\n<link rel=\"canonical\" href=\"https:\/\/meetingroom.wien\/en\/kontakt\/\" \/>\n<meta property=\"og:locale\" content=\"en_GB\" \/>\n<meta property=\"og:type\" content=\"article\" \/>\n<meta property=\"og:title\" content=\"Preise und Kontakt - visit our outstanding locations with friendly hospitality\" \/>\n<meta property=\"og:description\" content=\"Alles was Sie f\u00fcr Ihr Meeting brauchen: Full service in tollen R\u00e4umen mit Ausblick, originale Kunst an den W\u00e4nden, vern\u00fcnftige Preise! 1030 und 1040 Wien\" \/>\n<meta property=\"og:url\" content=\"https:\/\/meetingroom.wien\/en\/kontakt\/\" \/>\n<meta property=\"og:site_name\" content=\"visit our outstanding locations with friendly hospitality\" \/>\n<meta property=\"article:modified_time\" content=\"2026-02-18T08:51:16+00:00\" \/>\n<meta name=\"twitter:card\" content=\"summary_large_image\" \/>\n<meta name=\"twitter:label1\" content=\"Estimated reading time\" \/>\n\t<meta name=\"twitter:data1\" content=\"2 minutes\" \/>\n<script type=\"application\/ld+json\" class=\"yoast-schema-graph\">{\"@context\":\"https:\/\/schema.org\",\"@graph\":[{\"@type\":\"WebPage\",\"@id\":\"https:\/\/meetingroom.wien\/kontakt\/\",\"url\":\"https:\/\/meetingroom.wien\/kontakt\/\",\"name\":\"Preise und Kontakt - visit our outstanding locations with friendly hospitality\",\"isPartOf\":{\"@id\":\"https:\/\/meetingroom.wien\/#website\"},\"datePublished\":\"2021-11-21T15:14:44+00:00\",\"dateModified\":\"2026-02-18T08:51:16+00:00\",\"description\":\"Alles was Sie f\u00fcr Ihr Meeting brauchen: Full service in tollen R\u00e4umen mit Ausblick, originale Kunst an den W\u00e4nden, vern\u00fcnftige Preise! 1030 und 1040 Wien\",\"breadcrumb\":{\"@id\":\"https:\/\/meetingroom.wien\/kontakt\/#breadcrumb\"},\"inLanguage\":\"en-GB\",\"potentialAction\":[{\"@type\":\"ReadAction\",\"target\":[\"https:\/\/meetingroom.wien\/kontakt\/\"]}]},{\"@type\":\"BreadcrumbList\",\"@id\":\"https:\/\/meetingroom.wien\/kontakt\/#breadcrumb\",\"itemListElement\":[{\"@type\":\"ListItem\",\"position\":1,\"name\":\"Home\",\"item\":\"https:\/\/meetingroom.wien\/\"},{\"@type\":\"ListItem\",\"position\":2,\"name\":\"Preise und Kontakt\"}]},{\"@type\":\"WebSite\",\"@id\":\"https:\/\/meetingroom.wien\/#website\",\"url\":\"https:\/\/meetingroom.wien\/\",\"name\":\"visit our outstanding locations with friendly hospitality\",\"description\":\"\",\"publisher\":{\"@id\":\"https:\/\/meetingroom.wien\/#organization\"},\"potentialAction\":[{\"@type\":\"SearchAction\",\"target\":{\"@type\":\"EntryPoint\",\"urlTemplate\":\"https:\/\/meetingroom.wien\/?s={search_term_string}\"},\"query-input\":\"required name=search_term_string\"}],\"inLanguage\":\"en-GB\"},{\"@type\":\"Organization\",\"@id\":\"https:\/\/meetingroom.wien\/#organization\",\"name\":\"visit our outstanding locations with friendly hospitality\",\"url\":\"https:\/\/meetingroom.wien\/\",\"logo\":{\"@type\":\"ImageObject\",\"inLanguage\":\"en-GB\",\"@id\":\"https:\/\/meetingroom.wien\/#\/schema\/logo\/image\/\",\"url\":\"https:\/\/meetingroom.wien\/wp-content\/uploads\/2023\/02\/230109-meetingroom_Logo_2.png\",\"contentUrl\":\"https:\/\/meetingroom.wien\/wp-content\/uploads\/2023\/02\/230109-meetingroom_Logo_2.png\",\"width\":2131,\"height\":260,\"caption\":\"visit our outstanding locations with friendly hospitality\"},\"image\":{\"@id\":\"https:\/\/meetingroom.wien\/#\/schema\/logo\/image\/\"}}]}<\/script>\n<!-- \/ Yoast SEO plugin. -->","yoast_head_json":{"title":"Preise und Kontakt - visit our outstanding locations with friendly hospitality","description":"Alles was Sie f\u00fcr Ihr Meeting brauchen: Full service in tollen R\u00e4umen mit Ausblick, originale Kunst an den W\u00e4nden, vern\u00fcnftige Preise! 1030 und 1040 Wien","robots":{"index":"index","follow":"follow","max-snippet":"max-snippet:-1","max-image-preview":"max-image-preview:large","max-video-preview":"max-video-preview:-1"},"canonical":"https:\/\/meetingroom.wien\/en\/kontakt\/","og_locale":"en_GB","og_type":"article","og_title":"Preise und Kontakt - visit our outstanding locations with friendly hospitality","og_description":"Alles was Sie f\u00fcr Ihr Meeting brauchen: Full service in tollen R\u00e4umen mit Ausblick, originale Kunst an den W\u00e4nden, vern\u00fcnftige Preise! 1030 und 1040 Wien","og_url":"https:\/\/meetingroom.wien\/en\/kontakt\/","og_site_name":"visit our outstanding locations with friendly hospitality","article_modified_time":"2026-02-18T08:51:16+00:00","twitter_card":"summary_large_image","twitter_misc":{"Estimated reading time":"2 minutes"},"schema":{"@context":"https:\/\/schema.org","@graph":[{"@type":"WebPage","@id":"https:\/\/meetingroom.wien\/kontakt\/","url":"https:\/\/meetingroom.wien\/kontakt\/","name":"Preise und Kontakt - visit our outstanding locations with friendly hospitality","isPartOf":{"@id":"https:\/\/meetingroom.wien\/#website"},"datePublished":"2021-11-21T15:14:44+00:00","dateModified":"2026-02-18T08:51:16+00:00","description":"Alles was Sie f\u00fcr Ihr Meeting brauchen: Full service in tollen R\u00e4umen mit Ausblick, originale Kunst an den W\u00e4nden, vern\u00fcnftige Preise! 1030 und 1040 Wien","breadcrumb":{"@id":"https:\/\/meetingroom.wien\/kontakt\/#breadcrumb"},"inLanguage":"en-GB","potentialAction":[{"@type":"ReadAction","target":["https:\/\/meetingroom.wien\/kontakt\/"]}]},{"@type":"BreadcrumbList","@id":"https:\/\/meetingroom.wien\/kontakt\/#breadcrumb","itemListElement":[{"@type":"ListItem","position":1,"name":"Home","item":"https:\/\/meetingroom.wien\/"},{"@type":"ListItem","position":2,"name":"Preise und Kontakt"}]},{"@type":"WebSite","@id":"https:\/\/meetingroom.wien\/#website","url":"https:\/\/meetingroom.wien\/","name":"visit our outstanding locations with friendly hospitality","description":"","publisher":{"@id":"https:\/\/meetingroom.wien\/#organization"},"potentialAction":[{"@type":"SearchAction","target":{"@type":"EntryPoint","urlTemplate":"https:\/\/meetingroom.wien\/?s={search_term_string}"},"query-input":"required name=search_term_string"}],"inLanguage":"en-GB"},{"@type":"Organization","@id":"https:\/\/meetingroom.wien\/#organization","name":"visit our outstanding locations with friendly hospitality","url":"https:\/\/meetingroom.wien\/","logo":{"@type":"ImageObject","inLanguage":"en-GB","@id":"https:\/\/meetingroom.wien\/#\/schema\/logo\/image\/","url":"https:\/\/meetingroom.wien\/wp-content\/uploads\/2023\/02\/230109-meetingroom_Logo_2.png","contentUrl":"https:\/\/meetingroom.wien\/wp-content\/uploads\/2023\/02\/230109-meetingroom_Logo_2.png","width":2131,"height":260,"caption":"visit our outstanding locations with friendly hospitality"},"image":{"@id":"https:\/\/meetingroom.wien\/#\/schema\/logo\/image\/"}}]}},"_links":{"self":[{"href":"https:\/\/meetingroom.wien\/en\/wp-json\/wp\/v2\/pages\/1712","targetHints":{"allow":["GET"]}}],"collection":[{"href":"https:\/\/meetingroom.wien\/en\/wp-json\/wp\/v2\/pages"}],"about":[{"href":"https:\/\/meetingroom.wien\/en\/wp-json\/wp\/v2\/types\/page"}],"author":[{"embeddable":true,"href":"https:\/\/meetingroom.wien\/en\/wp-json\/wp\/v2\/users\/2"}],"replies":[{"embeddable":true,"href":"https:\/\/meetingroom.wien\/en\/wp-json\/wp\/v2\/comments?post=1712"}],"version-history":[{"count":110,"href":"https:\/\/meetingroom.wien\/en\/wp-json\/wp\/v2\/pages\/1712\/revisions"}],"predecessor-version":[{"id":2273,"href":"https:\/\/meetingroom.wien\/en\/wp-json\/wp\/v2\/pages\/1712\/revisions\/2273"}],"wp:attachment":[{"href":"https:\/\/meetingroom.wien\/en\/wp-json\/wp\/v2\/media?parent=1712"}],"curies":[{"name":"wp","href":"https:\/\/api.w.org\/{rel}","templated":true}]}}