{"id":2031,"date":"2023-02-17T10:24:49","date_gmt":"2023-02-17T10:24:49","guid":{"rendered":"https:\/\/meetingroom.wien\/?page_id=2031"},"modified":"2023-02-17T14:13:53","modified_gmt":"2023-02-17T14:13:53","slug":"impressum","status":"publish","type":"page","link":"https:\/\/meetingroom.wien\/en\/impressum\/","title":{"rendered":"Impressum"},"content":{"rendered":"<div data-elementor-type=\"wp-page\" data-elementor-id=\"2031\" class=\"elementor elementor-2031\">\n\t\t\t\t\t\t<section class=\"elementor-section elementor-top-section elementor-element elementor-element-3447f83 elementor-section-height-min-height elementor-section-items-bottom elementor-section-boxed elementor-section-height-default\" data-id=\"3447f83\" data-element_type=\"section\" data-settings=\"{&quot;background_background&quot;:&quot;classic&quot;}\">\n\t\t\t\t\t\t\t<div class=\"elementor-background-overlay\"><\/div>\n\t\t\t\t\t\t\t<div class=\"elementor-container elementor-column-gap-default\">\n\t\t\t\t\t<div class=\"elementor-column elementor-col-100 elementor-top-column elementor-element elementor-element-b3a35f8\" data-id=\"b3a35f8\" data-element_type=\"column\">\n\t\t\t<div class=\"elementor-widget-wrap elementor-element-populated\">\n\t\t\t\t\t\t<div class=\"elementor-element elementor-element-32eb271 elementor-widget elementor-widget-heading\" data-id=\"32eb271\" data-element_type=\"widget\" data-widget_type=\"heading.default\">\n\t\t\t\t<div class=\"elementor-widget-container\">\n\t\t\t\t\t<h1 class=\"elementor-heading-title elementor-size-default\">IMpressum<\/h1>\t\t\t\t<\/div>\n\t\t\t\t<\/div>\n\t\t\t\t\t<\/div>\n\t\t<\/div>\n\t\t\t\t\t<\/div>\n\t\t<\/section>\n\t\t\t\t<section class=\"elementor-section elementor-top-section elementor-element elementor-element-d9a4ad9 elementor-section-boxed elementor-section-height-default elementor-section-height-default\" data-id=\"d9a4ad9\" data-element_type=\"section\">\n\t\t\t\t\t\t<div class=\"elementor-container elementor-column-gap-default\">\n\t\t\t\t\t<div class=\"elementor-column elementor-col-100 elementor-top-column elementor-element elementor-element-f5044c6\" data-id=\"f5044c6\" data-element_type=\"column\">\n\t\t\t<div class=\"elementor-widget-wrap elementor-element-populated\">\n\t\t\t\t\t\t<div class=\"elementor-element elementor-element-7589977 elementor-widget elementor-widget-text-editor\" data-id=\"7589977\" data-element_type=\"widget\" data-widget_type=\"text-editor.default\">\n\t\t\t\t<div class=\"elementor-widget-container\">\n\t\t\t\t\t\t\t\t\t<div data-id=\"4045880\" data-element_type=\"widget\" data-widget_type=\"heading.default\"><div><h2>\u00a0<\/h2><\/div><\/div><div data-id=\"2632ffa\" data-element_type=\"widget\" data-widget_type=\"text-editor.default\"><div><div><p>Medieninhaber und Verantwortlicher im Sinne des MedG<br \/>Mag. Andreas H\u00fclber, 1040 Wien, Prinz Eugen-Str 2\/5<\/p><p>Unternehmensgegenstand unter dem Markennamen meetingroom.wien ist die zeitweise \u00dcberlassung von B\u00fcro- und Ausstellungsr\u00e4umen zur Nutzung durch Dritte.<\/p><p>Telefon +43 1 299 22 29<br \/>E-Mail <a href=\"mailto:rent@meetingroom.wien\">rent@meetingroom.wien<\/a><\/p><p>UID: ATU58890427<br \/>Einzelfirma, nicht protokolliert; Mitglied der WKO, Fachgruppe Gewerbe und Fachgruppe Handel, Wien<\/p><p>Gerichtsstand ist Wien<\/p><\/div><div>\u00a0<\/div><\/div><\/div><div data-id=\"549e16a\" data-element_type=\"widget\" data-widget_type=\"heading.default\"><div><h2>ALLGEMEINE AUFTRAGSBEDINGUNGEN (AAB)<\/h2><\/div><\/div><div data-id=\"0f88778\" data-element_type=\"widget\" data-widget_type=\"text-editor.default\"><div><div title=\"Page 2\"><div><br \/><div><h5>Pra\u0308ambel<\/h5><p>AH hat eine Gescha\u0308ftsr\u00e4ume angemietet um in diesen Ra\u0308umen eine Galerie und ein Designstudio zu fu\u0308hren. Der Nutzer plant in einem oder mehreren dieser R\u00e4ume eine eigene Veranstaltung.<\/p><p>\u00a0<\/p><h5>\u00a7 1 Nutzungsgegenstand<\/h5><p>AH stellt dem Nutzer den betreffenden Raum und die Mitnutzung des WC und der Kaffeeku\u0308che zur Verfu\u0308gung. Grundsa\u0308tzlich wird der Vermietungsgegenstand so u\u0308bernommen wie besichtigt.<\/p><p>\u00a0<\/p><h5>\u00a7 2 Dauer der Nutzung<\/h5><p>Die R\u00e4ume und die Ausstattung werden zum vereinbarten Zeitpunkt \u00fcbergeben und mit Ablauf der Nutzungsfrist wieder im selben Zustand \u00fcbernommen. Mit u\u0308berlassen wird Ausstattung wie vereinbart, zB Sessel, Tische, Beamer usw.<\/p><p>\u00a0<\/p><h5>\u00a7 3 Nutzungsentgelt<\/h5><p>Fu\u0308r die Nutzung des Raumes gem. \u00a7 1 und der Ausstattung zahlt der Nutze an AH ein<br \/>Nutzungsgentgelt in Ho\u0308he von \u20ac 60,- pro begonnener Stunde + 20% USt. Das Nutzungsentgelt muss bis spa\u0308testens 2 Wochen nach der Veranstaltung auf dem Konto 52 999 003 631 (BLZ 12000) lautend auf Andreas Hu\u0308lber eingetroffen sein oder am Tag der Veranstaltung bar bezahlt werden.<\/p><p>\u00a0<\/p><h5>\u00a7 4 Pflichten<\/h5><p>Der Nutzer darf den Galerieraum und die Nebenra\u0308ume nur zu den vereinbarten Zwecken und Ta\u0308tigkeiten nutzen. Eine daru\u0308ber hinaus gehende Nutzung ist dem Nutzer nicht gestattet. Der Nutzer haftet fu\u0308r alle Folgen, Nachteile und\/oder Scha\u0308den, die AH oder Dritten insbesondere durch eine etwaige missbra\u0308uchliche Nutzung entstehen. Die Beru\u0308hrung der in der Galerie ausgestellten und gelagerten Kunstwerke ist nicht gestattet, jede Vera\u0308nderung, Umgestaltung oder Bewegung der Bilder und Objekte ist verboten. Jede wa\u0308hrend des Betriebes erfolgte Bescha\u0308digung des Raumes, der Einrichtung, insbesondere der Kunstwerke ist AH sofort zu melden. Bereits bestehende Beeintra\u0308chtigungen der Funktion und Scha\u0308den sind bei Inbetriebnahme anzuzeigen. Der Nutzer haftet fu\u0308r Scha\u0308den, die durch Fahrla\u0308ssigkeit bei der Nutzung durch selbst und auch seine Ga\u0308ste entstehen.<\/p><p>\u00a0<\/p><h5>\u00a7 5 Storno<\/h5><p>Der Nutzer hat das Recht, die Reservierung der Galeriera\u0308umlichkeiten bis spa\u0308testens zwei Wochen vor Beginn der Veranstaltung kostenfrei zu stornieren. Bis spa\u0308testens eine Woche vor der Veranstaltung wird eine Abschlagszahlung von 50% des Nutzungsentgelts fa\u0308llig; danach ist das Entgelt zur Ga\u0308nze zu bezahlen.<\/p><p>\u00a0<\/p><h5>\u00a7 6 Schlu\u00dfbestimmungen<\/h5><p>Sofern einzelne Klauseln der vorstehenden Nutzungsbedingungen ganz oder teilweise unwirksam sein sollten, bleibt die Wirksamkeit der u\u0308brigen Nutzungsbedingungen hiervon unberu\u0308hrt. Die unwirksame Bestimmung gilt durch eine solche ersetzt, die dem Sinn und Zweck der unwirksamen Bestimmung in rechtswirksamer Weise wirtschaftlich am na\u0308chsten kommt. Gleiches gilt fu\u0308r eventuelle Regelungslu\u0308cken.<br \/>Sa\u0308mtliche Rechtsbeziehungen zwischen AH und dem Nutzer unterliegen ausschlie\u00dflich o\u0308sterreichischem Recht. Fu\u0308r alle Streitigkeiten, die aus diesen Nutzungsbedingungen und aus Vertra\u0308gen, deren Bestandteil sie sind, erwachsen, wird Wien als ausschlie\u00dflicher Gerichtsstand vereinbart.<\/p><\/div><\/div><\/div><\/div><\/div>\t\t\t\t\t\t\t\t<\/div>\n\t\t\t\t<\/div>\n\t\t\t\t\t<\/div>\n\t\t<\/div>\n\t\t\t\t\t<\/div>\n\t\t<\/section>\n\t\t\t\t<\/div>","protected":false},"excerpt":{"rendered":"<p>IMpressum \u00a0 Medieninhaber und Verantwortlicher im Sinne des MedGMag. Andreas H\u00fclber, 1040 Wien, Prinz Eugen-Str 2\/5 Unternehmensgegenstand unter dem Markennamen meetingroom.wien ist die zeitweise \u00dcberlassung von B\u00fcro- und Ausstellungsr\u00e4umen zur Nutzung durch Dritte. Telefon +43 1 299 22 29E-Mail rent@meetingroom.wien UID: ATU58890427Einzelfirma, nicht protokolliert; Mitglied der WKO, Fachgruppe Gewerbe und Fachgruppe Handel, Wien Gerichtsstand ist &hellip;<\/p>\n<p class=\"read-more\"> <a class=\"\" href=\"https:\/\/meetingroom.wien\/en\/impressum\/\"> <span class=\"screen-reader-text\">Impressum<\/span> Read More &raquo;<\/a><\/p>","protected":false},"author":2,"featured_media":0,"parent":0,"menu_order":0,"comment_status":"closed","ping_status":"closed","template":"","meta":{"site-sidebar-layout":"no-sidebar","site-content-layout":"page-builder","ast-global-header-display":"","ast-main-header-display":"","ast-hfb-above-header-display":"","ast-hfb-below-header-display":"","ast-hfb-mobile-header-display":"","site-post-title":"disabled","ast-breadcrumbs-content":"","ast-featured-img":"disabled","footer-sml-layout":"","theme-transparent-header-meta":"enabled","adv-header-id-meta":"","stick-header-meta":"","header-above-stick-meta":"","header-main-stick-meta":"","header-below-stick-meta":"","footnotes":""},"class_list":["post-2031","page","type-page","status-publish","hentry"],"yoast_head":"<!-- This site is optimized with the Yoast SEO plugin v20.10 - https:\/\/yoast.com\/wordpress\/plugins\/seo\/ -->\n<title>Atmosph\u00e4risches Konferenzzimmer in 1040 Wien: the orange room<\/title>\n<meta name=\"description\" content=\"Gro\u00dfz\u00fcgiger Besprechungsraum mit Balkon und wunderbarem Ausblick sowie ein B\u00fcro auf Zeit: Freundliches Meet &amp; Greet, full service, vern\u00fcnftige Preise!\" \/>\n<meta name=\"robots\" content=\"index, follow, max-snippet:-1, max-image-preview:large, max-video-preview:-1\" \/>\n<link rel=\"canonical\" href=\"https:\/\/meetingroom.wien\/en\/impressum\/\" \/>\n<meta property=\"og:locale\" content=\"en_GB\" \/>\n<meta property=\"og:type\" content=\"article\" \/>\n<meta property=\"og:title\" content=\"Atmosph\u00e4risches Konferenzzimmer in 1040 Wien: the orange room\" \/>\n<meta property=\"og:description\" content=\"Gro\u00dfz\u00fcgiger Besprechungsraum mit Balkon und wunderbarem Ausblick sowie ein B\u00fcro auf Zeit: Freundliches Meet &amp; Greet, full service, vern\u00fcnftige Preise!\" \/>\n<meta property=\"og:url\" content=\"https:\/\/meetingroom.wien\/en\/impressum\/\" \/>\n<meta property=\"og:site_name\" content=\"visit our outstanding locations with friendly hospitality\" \/>\n<meta property=\"article:modified_time\" content=\"2023-02-17T14:13:53+00:00\" \/>\n<meta name=\"twitter:card\" content=\"summary_large_image\" \/>\n<meta name=\"twitter:label1\" content=\"Estimated reading time\" \/>\n\t<meta name=\"twitter:data1\" content=\"3 minutes\" \/>\n<script type=\"application\/ld+json\" class=\"yoast-schema-graph\">{\"@context\":\"https:\/\/schema.org\",\"@graph\":[{\"@type\":\"WebPage\",\"@id\":\"https:\/\/meetingroom.wien\/impressum\/\",\"url\":\"https:\/\/meetingroom.wien\/impressum\/\",\"name\":\"Atmosph\u00e4risches Konferenzzimmer in 1040 Wien: the orange room\",\"isPartOf\":{\"@id\":\"https:\/\/meetingroom.wien\/#website\"},\"datePublished\":\"2023-02-17T10:24:49+00:00\",\"dateModified\":\"2023-02-17T14:13:53+00:00\",\"description\":\"Gro\u00dfz\u00fcgiger Besprechungsraum mit Balkon und wunderbarem Ausblick sowie ein B\u00fcro auf Zeit: Freundliches Meet & Greet, full service, vern\u00fcnftige Preise!\",\"breadcrumb\":{\"@id\":\"https:\/\/meetingroom.wien\/impressum\/#breadcrumb\"},\"inLanguage\":\"en-GB\",\"potentialAction\":[{\"@type\":\"ReadAction\",\"target\":[\"https:\/\/meetingroom.wien\/impressum\/\"]}]},{\"@type\":\"BreadcrumbList\",\"@id\":\"https:\/\/meetingroom.wien\/impressum\/#breadcrumb\",\"itemListElement\":[{\"@type\":\"ListItem\",\"position\":1,\"name\":\"Home\",\"item\":\"https:\/\/meetingroom.wien\/\"},{\"@type\":\"ListItem\",\"position\":2,\"name\":\"Impressum\"}]},{\"@type\":\"WebSite\",\"@id\":\"https:\/\/meetingroom.wien\/#website\",\"url\":\"https:\/\/meetingroom.wien\/\",\"name\":\"visit our outstanding locations with friendly hospitality\",\"description\":\"\",\"publisher\":{\"@id\":\"https:\/\/meetingroom.wien\/#organization\"},\"potentialAction\":[{\"@type\":\"SearchAction\",\"target\":{\"@type\":\"EntryPoint\",\"urlTemplate\":\"https:\/\/meetingroom.wien\/?s={search_term_string}\"},\"query-input\":\"required name=search_term_string\"}],\"inLanguage\":\"en-GB\"},{\"@type\":\"Organization\",\"@id\":\"https:\/\/meetingroom.wien\/#organization\",\"name\":\"visit our outstanding locations with friendly hospitality\",\"url\":\"https:\/\/meetingroom.wien\/\",\"logo\":{\"@type\":\"ImageObject\",\"inLanguage\":\"en-GB\",\"@id\":\"https:\/\/meetingroom.wien\/#\/schema\/logo\/image\/\",\"url\":\"https:\/\/meetingroom.wien\/wp-content\/uploads\/2023\/02\/230109-meetingroom_Logo_2.png\",\"contentUrl\":\"https:\/\/meetingroom.wien\/wp-content\/uploads\/2023\/02\/230109-meetingroom_Logo_2.png\",\"width\":2131,\"height\":260,\"caption\":\"visit our outstanding locations with friendly hospitality\"},\"image\":{\"@id\":\"https:\/\/meetingroom.wien\/#\/schema\/logo\/image\/\"}}]}<\/script>\n<!-- \/ Yoast SEO plugin. -->","yoast_head_json":{"title":"Atmosph\u00e4risches Konferenzzimmer in 1040 Wien: the orange room","description":"Gro\u00dfz\u00fcgiger Besprechungsraum mit Balkon und wunderbarem Ausblick sowie ein B\u00fcro auf Zeit: Freundliches Meet & Greet, full service, vern\u00fcnftige Preise!","robots":{"index":"index","follow":"follow","max-snippet":"max-snippet:-1","max-image-preview":"max-image-preview:large","max-video-preview":"max-video-preview:-1"},"canonical":"https:\/\/meetingroom.wien\/en\/impressum\/","og_locale":"en_GB","og_type":"article","og_title":"Atmosph\u00e4risches Konferenzzimmer in 1040 Wien: the orange room","og_description":"Gro\u00dfz\u00fcgiger Besprechungsraum mit Balkon und wunderbarem Ausblick sowie ein B\u00fcro auf Zeit: Freundliches Meet & Greet, full service, vern\u00fcnftige Preise!","og_url":"https:\/\/meetingroom.wien\/en\/impressum\/","og_site_name":"visit our outstanding locations with friendly hospitality","article_modified_time":"2023-02-17T14:13:53+00:00","twitter_card":"summary_large_image","twitter_misc":{"Estimated reading time":"3 minutes"},"schema":{"@context":"https:\/\/schema.org","@graph":[{"@type":"WebPage","@id":"https:\/\/meetingroom.wien\/impressum\/","url":"https:\/\/meetingroom.wien\/impressum\/","name":"Atmosph\u00e4risches Konferenzzimmer in 1040 Wien: the orange room","isPartOf":{"@id":"https:\/\/meetingroom.wien\/#website"},"datePublished":"2023-02-17T10:24:49+00:00","dateModified":"2023-02-17T14:13:53+00:00","description":"Gro\u00dfz\u00fcgiger Besprechungsraum mit Balkon und wunderbarem Ausblick sowie ein B\u00fcro auf Zeit: Freundliches Meet & Greet, full service, vern\u00fcnftige Preise!","breadcrumb":{"@id":"https:\/\/meetingroom.wien\/impressum\/#breadcrumb"},"inLanguage":"en-GB","potentialAction":[{"@type":"ReadAction","target":["https:\/\/meetingroom.wien\/impressum\/"]}]},{"@type":"BreadcrumbList","@id":"https:\/\/meetingroom.wien\/impressum\/#breadcrumb","itemListElement":[{"@type":"ListItem","position":1,"name":"Home","item":"https:\/\/meetingroom.wien\/"},{"@type":"ListItem","position":2,"name":"Impressum"}]},{"@type":"WebSite","@id":"https:\/\/meetingroom.wien\/#website","url":"https:\/\/meetingroom.wien\/","name":"visit our outstanding locations with friendly hospitality","description":"","publisher":{"@id":"https:\/\/meetingroom.wien\/#organization"},"potentialAction":[{"@type":"SearchAction","target":{"@type":"EntryPoint","urlTemplate":"https:\/\/meetingroom.wien\/?s={search_term_string}"},"query-input":"required name=search_term_string"}],"inLanguage":"en-GB"},{"@type":"Organization","@id":"https:\/\/meetingroom.wien\/#organization","name":"visit our outstanding locations with friendly hospitality","url":"https:\/\/meetingroom.wien\/","logo":{"@type":"ImageObject","inLanguage":"en-GB","@id":"https:\/\/meetingroom.wien\/#\/schema\/logo\/image\/","url":"https:\/\/meetingroom.wien\/wp-content\/uploads\/2023\/02\/230109-meetingroom_Logo_2.png","contentUrl":"https:\/\/meetingroom.wien\/wp-content\/uploads\/2023\/02\/230109-meetingroom_Logo_2.png","width":2131,"height":260,"caption":"visit our outstanding locations with friendly hospitality"},"image":{"@id":"https:\/\/meetingroom.wien\/#\/schema\/logo\/image\/"}}]}},"_links":{"self":[{"href":"https:\/\/meetingroom.wien\/en\/wp-json\/wp\/v2\/pages\/2031","targetHints":{"allow":["GET"]}}],"collection":[{"href":"https:\/\/meetingroom.wien\/en\/wp-json\/wp\/v2\/pages"}],"about":[{"href":"https:\/\/meetingroom.wien\/en\/wp-json\/wp\/v2\/types\/page"}],"author":[{"embeddable":true,"href":"https:\/\/meetingroom.wien\/en\/wp-json\/wp\/v2\/users\/2"}],"replies":[{"embeddable":true,"href":"https:\/\/meetingroom.wien\/en\/wp-json\/wp\/v2\/comments?post=2031"}],"version-history":[{"count":16,"href":"https:\/\/meetingroom.wien\/en\/wp-json\/wp\/v2\/pages\/2031\/revisions"}],"predecessor-version":[{"id":2077,"href":"https:\/\/meetingroom.wien\/en\/wp-json\/wp\/v2\/pages\/2031\/revisions\/2077"}],"wp:attachment":[{"href":"https:\/\/meetingroom.wien\/en\/wp-json\/wp\/v2\/media?parent=2031"}],"curies":[{"name":"wp","href":"https:\/\/api.w.org\/{rel}","templated":true}]}}